{"id":9,"date":"2017-06-30T09:20:43","date_gmt":"2017-06-30T07:20:43","guid":{"rendered":"http:\/\/160199.w99.wedos.ws\/wordpress\/?page_id=9"},"modified":"2021-03-14T10:02:33","modified_gmt":"2021-03-14T09:02:33","slug":"ja-jsem","status":"publish","type":"page","link":"https:\/\/www.yosoy.cz\/?page_id=9","title":{"rendered":"j\u00e1_jsem"},"content":{"rendered":"<div  class=\"tatsu-g272wzsem8brxyyd tatsu-section    tatsu-clearfix\" data-title=\"\"  data-headerscheme=\"background--dark\"><div class='tatsu-section-pad clearfix' data-padding='{\"d\":\"90px 0px 90px 0px\"}' data-padding-top='90px'><div class=\"tatsu-row-wrap  tatsu-wrap tatsu-row-has-one-half tatsu-row-has-two-cols tatsu-medium-gutter tatsu-reg-cols  tatsu-clearfix tatsu-g272wzsetja0cqxb\" ><div  class=\"tatsu-row \" ><div  class=\"tatsu-column  tatsu-column-no-bg tatsu-one-half tatsu-column-image-none tatsu-column-effect-none  tatsu-g272wzsf3473bxc4\"  data-parallax-speed=\"0\" style=\"\"><div class=\"tatsu-column-inner \" ><div class=\"tatsu-column-pad-wrap\"><div class=\"tatsu-column-pad\" ><div  class=\"tatsu-single-image tatsu-module tatsu-animate tatsu-g272wzsgn09fel2x  \" data-animation=\"fadeIn\"  ><div class=\"tatsu-single-image-inner \" style=\"width : 2563px;\" ><div class = \"tatsu-single-image-padding-wrap\" style = \"padding-bottom : 115.13850955911%;\" ><\/div><img class = \"tatsu-gradient-border\" alt = \"\" title = \"DSC_6722 (4)\" src = \"https:\/\/www.yosoy.cz\/wordpress\/wp-content\/uploads\/2020\/06\/DSC_6722-4-1.jpg\" \/><\/div><style>.tatsu-g272wzsgn09fel2x .tatsu-single-image-inner{border-style: solid;max-width: 100%;}.tatsu-g272wzsgn09fel2x.tatsu-single-image{transform: translate3d(0px,0px, 0);}<\/style><\/div><\/div><\/div><div class = \"tatsu-column-bg-image-wrap\"><div class = \"tatsu-column-bg-image\" ><\/div><\/div><\/div><style>.tatsu-row > .tatsu-g272wzsf3473bxc4.tatsu-column{width: 50%;}.tatsu-g272wzsf3473bxc4.tatsu-column > .tatsu-column-inner > .tatsu-column-overlay{mix-blend-mode: none;}.tatsu-g272wzsf3473bxc4 > .tatsu-column-inner > .tatsu-top-divider{z-index: 9999;}.tatsu-g272wzsf3473bxc4 > .tatsu-column-inner > .tatsu-bottom-divider{z-index: 9999;}.tatsu-g272wzsf3473bxc4 > .tatsu-column-inner > .tatsu-left-divider{z-index: 9999;}.tatsu-g272wzsf3473bxc4 > .tatsu-column-inner > .tatsu-right-divider{z-index: 9999;}@media only screen and (max-width: 767px) {.tatsu-row > .tatsu-g272wzsf3473bxc4.tatsu-column{width: 100%;}}<\/style><\/div><div  class=\"tatsu-column  tatsu-column-no-bg tatsu-one-half tatsu-column-image-none tatsu-column-effect-none  tatsu-g272wzsidt4kd9he\"  data-parallax-speed=\"0\" style=\"\"><div class=\"tatsu-column-inner \" ><div class=\"tatsu-column-pad-wrap\"><div class=\"tatsu-column-pad\" ><div  class=\"tatsu-module tatsu-text-block-wrap tatsu-g272wzsijy8bku3n  \"><div class=\"tatsu-text-inner tatsu-align-center  clearfix\" ><style>.tatsu-g272wzsijy8bku3n.tatsu-text-block-wrap .tatsu-text-inner{width: 100%;text-align: left;}<\/style>\n<p><strong>yo_soy\u00a0<\/strong> j\u00e1_jsem<\/p>\n<p>\u0160perk vn\u00edm\u00e1m jako objekt, kter\u00fd n\u00e1s dotv\u00e1\u0159\u00ed, podtrhne na\u0161i osobnost. \u010cist\u00e1, nekomplikovan\u00e1 forma d\u00e1v\u00e1 vyniknout osobnosti nositelky i samotn\u00e9mu \u0161perku. Na po\u010d\u00e1tku je hra s materi\u00e1ly &#8211; jejich tvarov\u00e1n\u00edm, vrstven\u00edm, prosv\u00edt\u00e1n\u00edm, kontrasty \u2013 ta je pak alfou a omegou v\u00fdsledn\u00e9ho efektu.<\/p>\n<p>D\u00e1v\u00e1m p\u0159ednost modern\u00edm materi\u00e1l\u016fm jako je akryl\u00e1tov\u00e9 sklo, nerezov\u00e1 ocel, textil. M\u016fj p\u0159\u00edstup m\u00e1 bl\u00ed\u017ee pr\u00e1ci produktov\u00e9ho design\u00e9ra ne\u017e klasick\u00e9ho \u0161perka\u0159e. Kolekce navrhuji a pak je realizuji za pomoc\u00ed modern\u00edch technologi\u00ed ve spolupr\u00e1ci s \u010desk\u00fdmi d\u00edlnami v mal\u00fdch s\u00e9ri\u00edch.<\/p>\n<p>Zna\u010dku yo_soy jsem zalo\u017eila v roce 2009 a od t\u00e9 doby se setk\u00e1v\u00e1me ve virtu\u00e1ln\u00edm prost\u0159ed\u00ed i osobn\u011b na design marketech. \u0160perky jsou tak\u00e9 zastoupeny v kamenn\u00fdch obchodech v \u010cesku a na Slovensku.<\/p>\n<p>V roce 2020 jsem otev\u0159ela v domovsk\u00e9m Brn\u011b showroom, kde v\u00e1s r\u00e1da p\u0159iv\u00edt\u00e1m.\u00a0 ( v\u00edce informac\u00ed najdete na str\u00e1nce\u00a0 Kontakt).<\/p>\n<p>Petra Zacpalov\u00e1<\/p>\n<p>\u00a0<\/p>\n<p>\u00a0<\/p>\n<\/div><\/div><\/div><\/div><div class = \"tatsu-column-bg-image-wrap\"><div class = \"tatsu-column-bg-image\" ><\/div><\/div><\/div><style>.tatsu-row > .tatsu-g272wzsidt4kd9he.tatsu-column{width: 50%;}.tatsu-g272wzsidt4kd9he.tatsu-column > .tatsu-column-inner > .tatsu-column-overlay{mix-blend-mode: none;}.tatsu-g272wzsidt4kd9he > .tatsu-column-inner > .tatsu-top-divider{z-index: 9999;}.tatsu-g272wzsidt4kd9he > .tatsu-column-inner > .tatsu-bottom-divider{z-index: 9999;}.tatsu-g272wzsidt4kd9he > .tatsu-column-inner > .tatsu-left-divider{z-index: 9999;}.tatsu-g272wzsidt4kd9he > .tatsu-column-inner > .tatsu-right-divider{z-index: 9999;}@media only screen and (max-width: 767px) {.tatsu-row > .tatsu-g272wzsidt4kd9he.tatsu-column{width: 100%;}}<\/style><\/div><\/div><\/div><\/div><div class=\"tatsu-section-background-wrap\"><div class = \"tatsu-section-background\" ><\/div><\/div><style>.tatsu-g272wzsem8brxyyd .tatsu-section-pad{padding: 90px 0px 90px 0px;}.tatsu-g272wzsem8brxyyd > .tatsu-bottom-divider{z-index: 9999;}.tatsu-g272wzsem8brxyyd > .tatsu-top-divider{z-index: 9999;}<\/style><\/div>\n","protected":false},"excerpt":{"rendered":"<p><a href=\"https:\/\/www.yosoy.cz\/?page_id=9\" class=\"more-link style1-button\">Read More<\/a><\/p>","protected":false},"author":1,"featured_media":0,"parent":0,"menu_order":0,"comment_status":"closed","ping_status":"closed","template":"page-with-title.php","meta":{"footnotes":""},"class_list":["post-9","page","type-page","status-publish","hentry"],"_links":{"self":[{"href":"https:\/\/www.yosoy.cz\/index.php?rest_route=\/wp\/v2\/pages\/9","targetHints":{"allow":["GET"]}}],"collection":[{"href":"https:\/\/www.yosoy.cz\/index.php?rest_route=\/wp\/v2\/pages"}],"about":[{"href":"https:\/\/www.yosoy.cz\/index.php?rest_route=\/wp\/v2\/types\/page"}],"author":[{"embeddable":true,"href":"https:\/\/www.yosoy.cz\/index.php?rest_route=\/wp\/v2\/users\/1"}],"replies":[{"embeddable":true,"href":"https:\/\/www.yosoy.cz\/index.php?rest_route=%2Fwp%2Fv2%2Fcomments&post=9"}],"version-history":[{"count":20,"href":"https:\/\/www.yosoy.cz\/index.php?rest_route=\/wp\/v2\/pages\/9\/revisions"}],"predecessor-version":[{"id":3326,"href":"https:\/\/www.yosoy.cz\/index.php?rest_route=\/wp\/v2\/pages\/9\/revisions\/3326"}],"wp:attachment":[{"href":"https:\/\/www.yosoy.cz\/index.php?rest_route=%2Fwp%2Fv2%2Fmedia&parent=9"}],"curies":[{"name":"wp","href":"https:\/\/api.w.org\/{rel}","templated":true}]}}