{"id":2836,"date":"2017-06-30T10:28:43","date_gmt":"2017-06-30T08:28:43","guid":{"rendered":"http:\/\/160199.w99.wedos.ws\/wordpress\/?page_id=2836"},"modified":"2026-02-11T09:55:34","modified_gmt":"2026-02-11T08:55:34","slug":"kontakt","status":"publish","type":"page","link":"https:\/\/www.yosoy.cz\/?page_id=2836","title":{"rendered":"kontakt"},"content":{"rendered":"<div  class=\"tatsu-fvv4uzz71gg6e43e tatsu-section    tatsu-clearfix\" data-title=\"\"  data-headerscheme=\"background--dark\"><div class='tatsu-section-pad clearfix' data-padding='{\"d\":\"90px 0px 90px 0px\"}' data-padding-top='90px'><div class=\"tatsu-row-wrap  tatsu-wrap tatsu-row-has-one-half tatsu-row-has-two-cols tatsu-medium-gutter tatsu-reg-cols  tatsu-clearfix tatsu-fvv4uzz7cu3yhg84\" ><div  class=\"tatsu-row \" ><div  class=\"tatsu-column  tatsu-column-no-bg tatsu-one-half tatsu-column-image-none tatsu-column-effect-none  tatsu-fvv4uzz7m5n74di\"  data-parallax-speed=\"0\" style=\"\"><div class=\"tatsu-column-inner \" ><div class=\"tatsu-column-pad-wrap\"><div class=\"tatsu-column-pad\" ><div  class=\"tatsu-module tatsu-text-block-wrap tatsu-fvv4uzz7sv810g5f  \"><div class=\"tatsu-text-inner tatsu-align-center tatsu-animate clearfix\" data-animation=\"fadeIn\"  ><style>.tatsu-fvv4uzz7sv810g5f.tatsu-text-block-wrap .tatsu-text-inner{width: 100%;text-align: left;}<\/style>\n<h2>kontakty<\/h2>\n<p><strong>showroom<\/strong>: Jaselsk\u00e1 17, Brno (otev\u0159eno dle domluvy, napi\u0161te mi pros\u00edm zpr\u00e1vu)<\/p>\n<p>e-mail: <a href=\"mailto:yosoy.design@gmail.com\">yosoy.design@gmail.com<\/a><\/p>\n<p>instagram: <a href=\"https:\/\/www.instagram.com\/yosoy.design\">yosoy.design<\/a><\/p>\n<p><span class=\"_5yl5\">adresa: Petra Zacpalov\u00e1, P\u0159\u00edstavn\u00ed 13, Brno 635 00<\/span><\/p>\n<p>I\u010cO: 87399954<\/p>\n<\/div><\/div><div  class=\"tatsu-module tatsu-text-block-wrap tatsu-fvv4uzzdub2eo18f  \"><div class=\"tatsu-text-inner tatsu-align-center  clearfix\" ><style>.tatsu-fvv4uzzdub2eo18f.tatsu-text-block-wrap .tatsu-text-inner{width: 100%;text-align: left;}<\/style>\n<h2 style=\"text-align: left;\">zastoupen\u00ed v obchodech<\/h2>\n<p style=\"text-align: left;\">Praha 1: Fashionshop Parazit, Karlova 25<\/p>\n<p>Praha 3: Pour Pour, Vinohradsk\u00e1 74<\/p>\n<p>Plze\u0148: UMU, Presslova 14<\/p>\n<p>Prachatice: Neumannka, Neumannova 161<\/p>\n<p>Ostrava: Ty Identity, Po\u0161tovn\u00ed 2<\/p>\n<p>\u00a0<\/p>\n<p style=\"text-align: left;\">\u00a0<\/p>\n<\/div><\/div><\/div><\/div><div class = \"tatsu-column-bg-image-wrap\"><div class = \"tatsu-column-bg-image\" ><\/div><\/div><\/div><style>.tatsu-row > .tatsu-fvv4uzz7m5n74di.tatsu-column{width: 50%;}.tatsu-fvv4uzz7m5n74di.tatsu-column > .tatsu-column-inner > .tatsu-column-overlay{mix-blend-mode: none;}.tatsu-fvv4uzz7m5n74di > .tatsu-column-inner > .tatsu-top-divider{z-index: 9999;}.tatsu-fvv4uzz7m5n74di > .tatsu-column-inner > .tatsu-bottom-divider{z-index: 9999;}.tatsu-fvv4uzz7m5n74di > .tatsu-column-inner > .tatsu-left-divider{z-index: 9999;}.tatsu-fvv4uzz7m5n74di > .tatsu-column-inner > .tatsu-right-divider{z-index: 9999;}@media only screen and (max-width: 767px) {.tatsu-row > .tatsu-fvv4uzz7m5n74di.tatsu-column{width: 100%;}}<\/style><\/div><div  class=\"tatsu-column  tatsu-column-no-bg tatsu-one-half tatsu-column-image-none tatsu-column-effect-none  tatsu-fvv4uzzfbmcwbmpd\"  data-parallax-speed=\"0\" style=\"\"><div class=\"tatsu-column-inner \" ><div class=\"tatsu-column-pad-wrap\"><div class=\"tatsu-column-pad\" ><div  class=\"tatsu-module tatsu-text-block-wrap tatsu-fvv4uzzfin1iv8lu  \"><div class=\"tatsu-text-inner tatsu-align-center tatsu-animate clearfix\" data-animation=\"fadeIn\"  ><style>.tatsu-fvv4uzzfin1iv8lu.tatsu-text-block-wrap .tatsu-text-inner{width: 100%;text-align: left;}<\/style>\n<h2>poslat zpr\u00e1vu<\/h2>\n<p><div role=\"form\" class=\"wpcf7\" id=\"wpcf7-f12-o1\" lang=\"cs-CZ\" dir=\"ltr\">\n<div class=\"screen-reader-response\"><\/div>\n<form action=\"\/index.php?rest_route=%2Fwp%2Fv2%2Fpages%2F2836#wpcf7-f12-o1\" method=\"post\" class=\"wpcf7-form\" enctype=\"multipart\/form-data\" novalidate=\"novalidate\">\n<div style=\"display: none;\">\n<input type=\"hidden\" name=\"_wpcf7\" value=\"12\" \/>\n<input type=\"hidden\" name=\"_wpcf7_version\" value=\"5.1.7\" \/>\n<input type=\"hidden\" name=\"_wpcf7_locale\" value=\"cs_CZ\" \/>\n<input type=\"hidden\" name=\"_wpcf7_unit_tag\" value=\"wpcf7-f12-o1\" \/>\n<input type=\"hidden\" name=\"_wpcf7_container_post\" value=\"0\" \/>\n<\/div>\n<p><label> Va\u0161e jm\u00e9no a p\u0159\u00edjmen\u00ed *<br \/>\n    <span class=\"wpcf7-form-control-wrap your-name\"><input type=\"text\" name=\"your-name\" value=\"\" size=\"40\" class=\"wpcf7-form-control wpcf7-text wpcf7-validates-as-required\" aria-required=\"true\" aria-invalid=\"false\" \/><\/span> <\/label><\/p>\n<p><label> Va\u0161e e-mailov\u00e1 adresa *<br \/>\n    <span class=\"wpcf7-form-control-wrap your-email\"><input type=\"email\" name=\"your-email\" value=\"\" size=\"40\" class=\"wpcf7-form-control wpcf7-text wpcf7-email wpcf7-validates-as-required wpcf7-validates-as-email\" aria-required=\"true\" aria-invalid=\"false\" \/><\/span> <\/label><\/p>\n<p><label> Telefon<br \/>\n    <span class=\"wpcf7-form-control-wrap telefon\"><input type=\"tel\" name=\"telefon\" value=\"\" size=\"40\" class=\"wpcf7-form-control wpcf7-text wpcf7-tel wpcf7-validates-as-tel\" aria-invalid=\"false\" \/><\/span> <\/label><\/p>\n<p><label> P\u0159edm\u011bt<br \/>\n    <span class=\"wpcf7-form-control-wrap your-subject\"><input type=\"text\" name=\"your-subject\" value=\"\" size=\"40\" class=\"wpcf7-form-control wpcf7-text\" aria-invalid=\"false\" \/><\/span> <\/label><\/p>\n<p><label> Text<br \/>\n    <span class=\"wpcf7-form-control-wrap your-message\"><textarea name=\"your-message\" cols=\"40\" rows=\"10\" class=\"wpcf7-form-control wpcf7-textarea\" aria-invalid=\"false\"><\/textarea><\/span> <\/label><\/p>\n<p><label> P\u0159\u00edloha<br \/>\n    <span class=\"wpcf7-form-control-wrap priloha\"><input type=\"file\" name=\"priloha\" size=\"40\" class=\"wpcf7-form-control wpcf7-file\" accept=\".jpg,.jpeg,.png,.gif,.pdf,.doc,.docx,.ppt,.pptx,.odt,.avi,.ogg,.m4a,.mov,.mp3,.mp4,.mpg,.wav,.wmv\" aria-invalid=\"false\" \/><\/span> <\/label><\/p>\n<p><input type=\"submit\" value=\"Odeslat\" class=\"wpcf7-form-control wpcf7-submit\" \/><\/p>\n<div class=\"frc-captcha \" data-sitekey=\"FCMV7GCS4QBGC2CG\" data-lang=\"en\" ><\/div>\n\t\t<noscript>You need to enable Javascript for the anti-spam check.<\/noscript><div class=\"wpcf7-response-output wpcf7-display-none\"><\/div><\/form><\/div><br \/>\n<\/div><\/div><\/div><\/div><div class = \"tatsu-column-bg-image-wrap\"><div class = \"tatsu-column-bg-image\" ><\/div><\/div><\/div><style>.tatsu-row > .tatsu-fvv4uzzfbmcwbmpd.tatsu-column{width: 50%;}.tatsu-fvv4uzzfbmcwbmpd.tatsu-column > .tatsu-column-inner > .tatsu-column-overlay{mix-blend-mode: none;}.tatsu-fvv4uzzfbmcwbmpd > .tatsu-column-inner > .tatsu-top-divider{z-index: 9999;}.tatsu-fvv4uzzfbmcwbmpd > .tatsu-column-inner > .tatsu-bottom-divider{z-index: 9999;}.tatsu-fvv4uzzfbmcwbmpd > .tatsu-column-inner > .tatsu-left-divider{z-index: 9999;}.tatsu-fvv4uzzfbmcwbmpd > .tatsu-column-inner > .tatsu-right-divider{z-index: 9999;}@media only screen and (max-width: 767px) {.tatsu-row > .tatsu-fvv4uzzfbmcwbmpd.tatsu-column{width: 100%;}}<\/style><\/div><\/div><\/div><\/div><div class=\"tatsu-section-background-wrap\"><div class = \"tatsu-section-background\" ><\/div><\/div><style>.tatsu-fvv4uzz71gg6e43e .tatsu-section-pad{padding: 90px 0px 90px 0px;}.tatsu-fvv4uzz71gg6e43e > .tatsu-bottom-divider{z-index: 9999;}.tatsu-fvv4uzz71gg6e43e > .tatsu-top-divider{z-index: 9999;}<\/style><\/div>\n","protected":false},"excerpt":{"rendered":"<p><a href=\"https:\/\/www.yosoy.cz\/?page_id=2836\" class=\"more-link style1-button\">Read More<\/a><\/p>","protected":false},"author":1,"featured_media":0,"parent":0,"menu_order":0,"comment_status":"closed","ping_status":"closed","template":"","meta":{"footnotes":""},"class_list":["post-2836","page","type-page","status-publish","hentry"],"_links":{"self":[{"href":"https:\/\/www.yosoy.cz\/index.php?rest_route=\/wp\/v2\/pages\/2836","targetHints":{"allow":["GET"]}}],"collection":[{"href":"https:\/\/www.yosoy.cz\/index.php?rest_route=\/wp\/v2\/pages"}],"about":[{"href":"https:\/\/www.yosoy.cz\/index.php?rest_route=\/wp\/v2\/types\/page"}],"author":[{"embeddable":true,"href":"https:\/\/www.yosoy.cz\/index.php?rest_route=\/wp\/v2\/users\/1"}],"replies":[{"embeddable":true,"href":"https:\/\/www.yosoy.cz\/index.php?rest_route=%2Fwp%2Fv2%2Fcomments&post=2836"}],"version-history":[{"count":42,"href":"https:\/\/www.yosoy.cz\/index.php?rest_route=\/wp\/v2\/pages\/2836\/revisions"}],"predecessor-version":[{"id":3396,"href":"https:\/\/www.yosoy.cz\/index.php?rest_route=\/wp\/v2\/pages\/2836\/revisions\/3396"}],"wp:attachment":[{"href":"https:\/\/www.yosoy.cz\/index.php?rest_route=%2Fwp%2Fv2%2Fmedia&parent=2836"}],"curies":[{"name":"wp","href":"https:\/\/api.w.org\/{rel}","templated":true}]}}